{"id":1735,"date":"2025-03-07T11:00:40","date_gmt":"2025-03-07T11:00:40","guid":{"rendered":"https:\/\/www.interesocial.es\/?page_id=1735"},"modified":"2025-03-07T13:14:47","modified_gmt":"2025-03-07T13:14:47","slug":"manual-de-ayuda-para-el-aprendiz","status":"publish","type":"page","link":"https:\/\/www.interesocial.es\/es_es\/manual-de-ayuda-para-el-aprendiz\/","title":{"rendered":"Manual De Ayuda Para El Aprendiz"},"content":{"rendered":"\t\t<div data-elementor-type=\"wp-page\" data-elementor-id=\"1735\" class=\"elementor elementor-1735\">\n\t\t\t\t<div class=\"elementor-element elementor-element-52d5cac e-flex e-con-boxed e-con e-parent\" data-id=\"52d5cac\" data-element_type=\"container\" data-e-type=\"container\">\n\t\t\t\t\t<div class=\"e-con-inner\">\n\t\t<div class=\"elementor-element elementor-element-680f87a e-con-full e-flex e-con e-child\" data-id=\"680f87a\" data-element_type=\"container\" data-e-type=\"container\">\n\t\t\t\t<div class=\"elementor-element elementor-element-8f60036 elementor-widget elementor-widget-spacer\" data-id=\"8f60036\" data-element_type=\"widget\" data-e-type=\"widget\" data-widget_type=\"spacer.default\">\n\t\t\t\t<div class=\"elementor-widget-container\">\n\t\t\t\t\t\t\t<div class=\"elementor-spacer\">\n\t\t\t<div class=\"elementor-spacer-inner\"><\/div>\n\t\t<\/div>\n\t\t\t\t\t\t<\/div>\n\t\t\t\t<\/div>\n\t\t\t\t<\/div>\n\t\t<div class=\"elementor-element elementor-element-01680bc e-con-full e-flex e-con e-child\" data-id=\"01680bc\" data-element_type=\"container\" data-e-type=\"container\">\n\t\t\t\t<div class=\"elementor-element elementor-element-733489f elementor-widget elementor-widget-image\" data-id=\"733489f\" data-element_type=\"widget\" data-e-type=\"widget\" data-widget_type=\"image.default\">\n\t\t\t\t<div class=\"elementor-widget-container\">\n\t\t\t\t\t\t\t\t\t\t\t\t\t\t\t<img fetchpriority=\"high\" decoding=\"async\" width=\"1536\" height=\"864\" src=\"https:\/\/www.interesocial.es\/wp-content\/uploads\/2025\/03\/Manual-de-ayuda-aprendiz-9-1536x864.png\" class=\"attachment-1536x1536 size-1536x1536 wp-image-1746\" alt=\"\" srcset=\"https:\/\/www.interesocial.es\/wp-content\/uploads\/2025\/03\/Manual-de-ayuda-aprendiz-9-1536x864.png 1536w, https:\/\/www.interesocial.es\/wp-content\/uploads\/2025\/03\/Manual-de-ayuda-aprendiz-9-300x169.png 300w, https:\/\/www.interesocial.es\/wp-content\/uploads\/2025\/03\/Manual-de-ayuda-aprendiz-9-1024x576.png 1024w, https:\/\/www.interesocial.es\/wp-content\/uploads\/2025\/03\/Manual-de-ayuda-aprendiz-9-768x432.png 768w, https:\/\/www.interesocial.es\/wp-content\/uploads\/2025\/03\/Manual-de-ayuda-aprendiz-9.png 1920w\" sizes=\"(max-width: 1536px) 100vw, 1536px\" \/>\t\t\t\t\t\t\t\t\t\t\t\t\t\t\t<\/div>\n\t\t\t\t<\/div>\n\t\t\t\t<div class=\"elementor-element elementor-element-9079d1c elementor-widget elementor-widget-image\" data-id=\"9079d1c\" data-element_type=\"widget\" data-e-type=\"widget\" data-widget_type=\"image.default\">\n\t\t\t\t<div class=\"elementor-widget-container\">\n\t\t\t\t\t\t\t\t\t\t\t\t\t\t\t<img decoding=\"async\" width=\"1536\" height=\"864\" src=\"https:\/\/www.interesocial.es\/wp-content\/uploads\/2025\/03\/Manual-de-ayuda-aprendiz-15-1536x864.png\" class=\"attachment-1536x1536 size-1536x1536 wp-image-1817\" alt=\"\" srcset=\"https:\/\/www.interesocial.es\/wp-content\/uploads\/2025\/03\/Manual-de-ayuda-aprendiz-15-1536x864.png 1536w, https:\/\/www.interesocial.es\/wp-content\/uploads\/2025\/03\/Manual-de-ayuda-aprendiz-15-300x169.png 300w, https:\/\/www.interesocial.es\/wp-content\/uploads\/2025\/03\/Manual-de-ayuda-aprendiz-15-1024x576.png 1024w, https:\/\/www.interesocial.es\/wp-content\/uploads\/2025\/03\/Manual-de-ayuda-aprendiz-15-768x432.png 768w, https:\/\/www.interesocial.es\/wp-content\/uploads\/2025\/03\/Manual-de-ayuda-aprendiz-15.png 1920w\" sizes=\"(max-width: 1536px) 100vw, 1536px\" \/>\t\t\t\t\t\t\t\t\t\t\t\t\t\t\t<\/div>\n\t\t\t\t<\/div>\n\t\t\t\t<div class=\"elementor-element elementor-element-fa82903 elementor-widget elementor-widget-image\" data-id=\"fa82903\" data-element_type=\"widget\" data-e-type=\"widget\" data-widget_type=\"image.default\">\n\t\t\t\t<div class=\"elementor-widget-container\">\n\t\t\t\t\t\t\t\t\t\t\t\t\t\t\t<img decoding=\"async\" width=\"1536\" height=\"864\" src=\"https:\/\/www.interesocial.es\/wp-content\/uploads\/2025\/03\/Manual-de-ayuda-aprendiz-2-1536x864.png\" class=\"attachment-1536x1536 size-1536x1536 wp-image-1739\" alt=\"\" srcset=\"https:\/\/www.interesocial.es\/wp-content\/uploads\/2025\/03\/Manual-de-ayuda-aprendiz-2-1536x864.png 1536w, https:\/\/www.interesocial.es\/wp-content\/uploads\/2025\/03\/Manual-de-ayuda-aprendiz-2-300x169.png 300w, https:\/\/www.interesocial.es\/wp-content\/uploads\/2025\/03\/Manual-de-ayuda-aprendiz-2-1024x576.png 1024w, https:\/\/www.interesocial.es\/wp-content\/uploads\/2025\/03\/Manual-de-ayuda-aprendiz-2-768x432.png 768w, https:\/\/www.interesocial.es\/wp-content\/uploads\/2025\/03\/Manual-de-ayuda-aprendiz-2.png 1920w\" sizes=\"(max-width: 1536px) 100vw, 1536px\" \/>\t\t\t\t\t\t\t\t\t\t\t\t\t\t\t<\/div>\n\t\t\t\t<\/div>\n\t\t\t\t<div class=\"elementor-element elementor-element-0d8b58c elementor-widget elementor-widget-image\" data-id=\"0d8b58c\" data-element_type=\"widget\" data-e-type=\"widget\" data-widget_type=\"image.default\">\n\t\t\t\t<div class=\"elementor-widget-container\">\n\t\t\t\t\t\t\t\t\t\t\t\t\t\t\t<img loading=\"lazy\" decoding=\"async\" width=\"1536\" height=\"864\" src=\"https:\/\/www.interesocial.es\/wp-content\/uploads\/2025\/03\/Manual-de-ayuda-aprendiz-10-1536x864.png\" class=\"attachment-1536x1536 size-1536x1536 wp-image-1747\" alt=\"\" srcset=\"https:\/\/www.interesocial.es\/wp-content\/uploads\/2025\/03\/Manual-de-ayuda-aprendiz-10-1536x864.png 1536w, https:\/\/www.interesocial.es\/wp-content\/uploads\/2025\/03\/Manual-de-ayuda-aprendiz-10-300x169.png 300w, https:\/\/www.interesocial.es\/wp-content\/uploads\/2025\/03\/Manual-de-ayuda-aprendiz-10-1024x576.png 1024w, https:\/\/www.interesocial.es\/wp-content\/uploads\/2025\/03\/Manual-de-ayuda-aprendiz-10-768x432.png 768w, https:\/\/www.interesocial.es\/wp-content\/uploads\/2025\/03\/Manual-de-ayuda-aprendiz-10.png 1920w\" sizes=\"(max-width: 1536px) 100vw, 1536px\" \/>\t\t\t\t\t\t\t\t\t\t\t\t\t\t\t<\/div>\n\t\t\t\t<\/div>\n\t\t\t\t<div class=\"elementor-element elementor-element-6489532 elementor-widget elementor-widget-image\" data-id=\"6489532\" data-element_type=\"widget\" data-e-type=\"widget\" data-widget_type=\"image.default\">\n\t\t\t\t<div class=\"elementor-widget-container\">\n\t\t\t\t\t\t\t\t\t\t\t\t\t\t\t<img loading=\"lazy\" decoding=\"async\" width=\"1536\" height=\"864\" src=\"https:\/\/www.interesocial.es\/wp-content\/uploads\/2025\/03\/Manual-de-ayuda-aprendiz-11-1536x864.png\" class=\"attachment-1536x1536 size-1536x1536 wp-image-1757\" alt=\"\" srcset=\"https:\/\/www.interesocial.es\/wp-content\/uploads\/2025\/03\/Manual-de-ayuda-aprendiz-11-1536x864.png 1536w, https:\/\/www.interesocial.es\/wp-content\/uploads\/2025\/03\/Manual-de-ayuda-aprendiz-11-300x169.png 300w, https:\/\/www.interesocial.es\/wp-content\/uploads\/2025\/03\/Manual-de-ayuda-aprendiz-11-1024x576.png 1024w, https:\/\/www.interesocial.es\/wp-content\/uploads\/2025\/03\/Manual-de-ayuda-aprendiz-11-768x432.png 768w, https:\/\/www.interesocial.es\/wp-content\/uploads\/2025\/03\/Manual-de-ayuda-aprendiz-11.png 1920w\" sizes=\"(max-width: 1536px) 100vw, 1536px\" \/>\t\t\t\t\t\t\t\t\t\t\t\t\t\t\t<\/div>\n\t\t\t\t<\/div>\n\t\t\t\t<div class=\"elementor-element elementor-element-cbe7c54 elementor-widget elementor-widget-image\" data-id=\"cbe7c54\" data-element_type=\"widget\" data-e-type=\"widget\" data-widget_type=\"image.default\">\n\t\t\t\t<div class=\"elementor-widget-container\">\n\t\t\t\t\t\t\t\t\t\t\t\t\t\t\t<img loading=\"lazy\" decoding=\"async\" width=\"1536\" height=\"864\" src=\"https:\/\/www.interesocial.es\/wp-content\/uploads\/2025\/03\/Manual-de-ayuda-aprendiz-12-1536x864.png\" class=\"attachment-1536x1536 size-1536x1536 wp-image-1814\" alt=\"\" srcset=\"https:\/\/www.interesocial.es\/wp-content\/uploads\/2025\/03\/Manual-de-ayuda-aprendiz-12-1536x864.png 1536w, https:\/\/www.interesocial.es\/wp-content\/uploads\/2025\/03\/Manual-de-ayuda-aprendiz-12-300x169.png 300w, https:\/\/www.interesocial.es\/wp-content\/uploads\/2025\/03\/Manual-de-ayuda-aprendiz-12-1024x576.png 1024w, https:\/\/www.interesocial.es\/wp-content\/uploads\/2025\/03\/Manual-de-ayuda-aprendiz-12-768x432.png 768w, https:\/\/www.interesocial.es\/wp-content\/uploads\/2025\/03\/Manual-de-ayuda-aprendiz-12.png 1920w\" sizes=\"(max-width: 1536px) 100vw, 1536px\" \/>\t\t\t\t\t\t\t\t\t\t\t\t\t\t\t<\/div>\n\t\t\t\t<\/div>\n\t\t\t\t<div class=\"elementor-element elementor-element-d6141af elementor-widget elementor-widget-image\" data-id=\"d6141af\" data-element_type=\"widget\" data-e-type=\"widget\" data-widget_type=\"image.default\">\n\t\t\t\t<div class=\"elementor-widget-container\">\n\t\t\t\t\t\t\t\t\t\t\t\t\t\t\t<img loading=\"lazy\" decoding=\"async\" width=\"1536\" height=\"864\" src=\"https:\/\/www.interesocial.es\/wp-content\/uploads\/2025\/03\/Manual-de-ayuda-aprendiz-13-1536x864.png\" class=\"attachment-1536x1536 size-1536x1536 wp-image-1815\" alt=\"\" srcset=\"https:\/\/www.interesocial.es\/wp-content\/uploads\/2025\/03\/Manual-de-ayuda-aprendiz-13-1536x864.png 1536w, https:\/\/www.interesocial.es\/wp-content\/uploads\/2025\/03\/Manual-de-ayuda-aprendiz-13-300x169.png 300w, https:\/\/www.interesocial.es\/wp-content\/uploads\/2025\/03\/Manual-de-ayuda-aprendiz-13-1024x576.png 1024w, https:\/\/www.interesocial.es\/wp-content\/uploads\/2025\/03\/Manual-de-ayuda-aprendiz-13-768x432.png 768w, https:\/\/www.interesocial.es\/wp-content\/uploads\/2025\/03\/Manual-de-ayuda-aprendiz-13.png 1920w\" sizes=\"(max-width: 1536px) 100vw, 1536px\" \/>\t\t\t\t\t\t\t\t\t\t\t\t\t\t\t<\/div>\n\t\t\t\t<\/div>\n\t\t\t\t<div class=\"elementor-element elementor-element-f5d2edd elementor-widget elementor-widget-image\" data-id=\"f5d2edd\" data-element_type=\"widget\" data-e-type=\"widget\" data-widget_type=\"image.default\">\n\t\t\t\t<div class=\"elementor-widget-container\">\n\t\t\t\t\t\t\t\t\t\t\t\t\t\t\t<img loading=\"lazy\" decoding=\"async\" width=\"1536\" height=\"864\" src=\"https:\/\/www.interesocial.es\/wp-content\/uploads\/2025\/03\/Manual-de-ayuda-aprendiz-7-1536x864.png\" class=\"attachment-1536x1536 size-1536x1536 wp-image-1744\" alt=\"\" srcset=\"https:\/\/www.interesocial.es\/wp-content\/uploads\/2025\/03\/Manual-de-ayuda-aprendiz-7-1536x864.png 1536w, https:\/\/www.interesocial.es\/wp-content\/uploads\/2025\/03\/Manual-de-ayuda-aprendiz-7-300x169.png 300w, https:\/\/www.interesocial.es\/wp-content\/uploads\/2025\/03\/Manual-de-ayuda-aprendiz-7-1024x576.png 1024w, https:\/\/www.interesocial.es\/wp-content\/uploads\/2025\/03\/Manual-de-ayuda-aprendiz-7-768x432.png 768w, https:\/\/www.interesocial.es\/wp-content\/uploads\/2025\/03\/Manual-de-ayuda-aprendiz-7.png 1920w\" sizes=\"(max-width: 1536px) 100vw, 1536px\" \/>\t\t\t\t\t\t\t\t\t\t\t\t\t\t\t<\/div>\n\t\t\t\t<\/div>\n\t\t\t\t<div class=\"elementor-element elementor-element-c9c023d elementor-widget elementor-widget-image\" data-id=\"c9c023d\" data-element_type=\"widget\" data-e-type=\"widget\" data-widget_type=\"image.default\">\n\t\t\t\t<div class=\"elementor-widget-container\">\n\t\t\t\t\t\t\t\t\t\t\t\t\t\t\t<img loading=\"lazy\" decoding=\"async\" width=\"1536\" height=\"864\" src=\"https:\/\/www.interesocial.es\/wp-content\/uploads\/2025\/03\/Manual-de-ayuda-aprendiz-14-1536x864.png\" class=\"attachment-1536x1536 size-1536x1536 wp-image-1816\" alt=\"\" srcset=\"https:\/\/www.interesocial.es\/wp-content\/uploads\/2025\/03\/Manual-de-ayuda-aprendiz-14-1536x864.png 1536w, https:\/\/www.interesocial.es\/wp-content\/uploads\/2025\/03\/Manual-de-ayuda-aprendiz-14-300x169.png 300w, https:\/\/www.interesocial.es\/wp-content\/uploads\/2025\/03\/Manual-de-ayuda-aprendiz-14-1024x576.png 1024w, https:\/\/www.interesocial.es\/wp-content\/uploads\/2025\/03\/Manual-de-ayuda-aprendiz-14-768x432.png 768w, https:\/\/www.interesocial.es\/wp-content\/uploads\/2025\/03\/Manual-de-ayuda-aprendiz-14.png 1920w\" sizes=\"(max-width: 1536px) 100vw, 1536px\" \/>\t\t\t\t\t\t\t\t\t\t\t\t\t\t\t<\/div>\n\t\t\t\t<\/div>\n\t\t\t\t<\/div>\n\t\t<div class=\"elementor-element elementor-element-35d3621 e-con-full e-flex e-con e-child\" data-id=\"35d3621\" data-element_type=\"container\" data-e-type=\"container\">\n\t\t\t\t<div class=\"elementor-element elementor-element-d217945 elementor-widget elementor-widget-spacer\" data-id=\"d217945\" data-element_type=\"widget\" data-e-type=\"widget\" data-widget_type=\"spacer.default\">\n\t\t\t\t<div class=\"elementor-widget-container\">\n\t\t\t\t\t\t\t<div class=\"elementor-spacer\">\n\t\t\t<div class=\"elementor-spacer-inner\"><\/div>\n\t\t<\/div>\n\t\t\t\t\t\t<\/div>\n\t\t\t\t<\/div>\n\t\t\t\t<\/div>\n\t\t\t\t\t<\/div>\n\t\t\t\t<\/div>\n\t\t<div class=\"elementor-element elementor-element-d717dc7 e-flex e-con-boxed e-con e-parent\" data-id=\"d717dc7\" data-element_type=\"container\" data-e-type=\"container\">\n\t\t\t\t\t<div class=\"e-con-inner\">\n\t\t<div class=\"elementor-element elementor-element-c3f7cdc e-con-full e-flex e-con e-child\" data-id=\"c3f7cdc\" data-element_type=\"container\" data-e-type=\"container\">\n\t\t\t\t<div class=\"elementor-element elementor-element-c95a2ba elementor-widget elementor-widget-spacer\" data-id=\"c95a2ba\" data-element_type=\"widget\" data-e-type=\"widget\" data-widget_type=\"spacer.default\">\n\t\t\t\t<div class=\"elementor-widget-container\">\n\t\t\t\t\t\t\t<div class=\"elementor-spacer\">\n\t\t\t<div class=\"elementor-spacer-inner\"><\/div>\n\t\t<\/div>\n\t\t\t\t\t\t<\/div>\n\t\t\t\t<\/div>\n\t\t\t\t<\/div>\n\t\t<div class=\"elementor-element elementor-element-8fe3393 e-con-full e-flex e-con e-child\" data-id=\"8fe3393\" data-element_type=\"container\" data-e-type=\"container\">\n\t\t\t\t<div class=\"elementor-element elementor-element-afc79fb elementor-widget elementor-widget-wpforms\" data-id=\"afc79fb\" data-element_type=\"widget\" data-e-type=\"widget\" data-widget_type=\"wpforms.default\">\n\t\t\t\t<div class=\"elementor-widget-container\">\n\t\t\t\t\t<div class=\"wpforms-container wpforms-container-full wpforms-render-modern\" id=\"wpforms-1748\"><form id=\"wpforms-form-1748\" class=\"wpforms-validate wpforms-form wpforms-ajax-form\" data-formid=\"1748\" method=\"post\" enctype=\"multipart\/form-data\" action=\"\/es_es\/wp-json\/wp\/v2\/pages\/1735\" data-token=\"94b625ab67ba512fab47e5b9da262fbe\" data-token-time=\"1777400517\"><noscript class=\"wpforms-error-noscript\">Por favor, activa JavaScript en tu navegador para completar este formulario.<\/noscript><div id=\"wpforms-error-noscript\" style=\"display: none;\">Por favor, activa JavaScript en tu navegador para completar este formulario.<\/div><div class=\"wpforms-field-container\">\t\t<div id=\"wpforms-1748-field_1-container\"\n\t\t\tclass=\"wpforms-field wpforms-field-text\"\n\t\t\tdata-field-type=\"text\"\n\t\t\tdata-field-id=\"1\"\n\t\t\t>\n\t\t\t<label class=\"wpforms-field-label\" for=\"wpforms-1748-field_1\" >Comentarios electr\u00f3nico Correo<\/label>\n\t\t\t<input type=\"text\" id=\"wpforms-1748-field_1\" class=\"wpforms-field-medium\" name=\"wpforms[fields][1]\" >\n\t\t<\/div>\n\t\t<div id=\"wpforms-1748-field_4-container\" class=\"wpforms-field wpforms-field-email\" data-field-id=\"4\"><fieldset><legend class=\"wpforms-field-label\">Correo electr\u00f3nico <span class=\"wpforms-required-label\" aria-hidden=\"true\">*<\/span><\/legend><div class=\"wpforms-field-row wpforms-field-medium\"><div class=\"wpforms-field-row-block wpforms-one-half wpforms-first\"><input type=\"email\" id=\"wpforms-1748-field_4\" class=\"wpforms-field-required wpforms-field-email-primary\" name=\"wpforms[fields][4][primary]\" spellcheck=\"false\" aria-errormessage=\"wpforms-1748-field_4-error\" required><label for=\"wpforms-1748-field_4\" class=\"wpforms-field-sublabel after\">Correo electr\u00f3nico<\/label><\/div><div class=\"wpforms-field-row-block wpforms-one-half\"><input type=\"email\" id=\"wpforms-1748-field_4-secondary\" class=\"wpforms-field-email-secondary wpforms-field-required\" data-rule-confirm=\"#wpforms-1748-field_4\" name=\"wpforms[fields][4][secondary]\" spellcheck=\"false\" aria-errormessage=\"wpforms-1748-field_4-secondary-error\" required><label for=\"wpforms-1748-field_4-secondary\" class=\"wpforms-field-sublabel after\">Confirmar el correo electr\u00f3nico<\/label><\/div><\/div><\/fieldset><\/div><div id=\"wpforms-1748-field_3-container\" class=\"wpforms-field wpforms-field-textarea\" data-field-id=\"3\"><label class=\"wpforms-field-label\" for=\"wpforms-1748-field_3\">Comentarios<\/label><textarea id=\"wpforms-1748-field_3\" class=\"wpforms-field-medium\" name=\"wpforms[fields][3]\" aria-errormessage=\"wpforms-1748-field_3-error\" ><\/textarea><\/div><script>\n\t\t\t\t( function() {\n\t\t\t\t\tconst style = document.createElement( 'style' );\n\t\t\t\t\tstyle.appendChild( document.createTextNode( '#wpforms-1748-field_1-container { position: absolute !important; overflow: hidden !important; display: inline !important; height: 1px !important; width: 1px !important; z-index: -1000 !important; padding: 0 !important; } #wpforms-1748-field_1-container input { visibility: hidden; } #wpforms-conversational-form-page #wpforms-1748-field_1-container label { counter-increment: none; }' ) );\n\t\t\t\t\tdocument.head.appendChild( style );\n\t\t\t\t\tdocument.currentScript?.remove();\n\t\t\t\t} )();\n\t\t\t<\/script><\/div><!-- .wpforms-field-container --><div class=\"wpforms-submit-container\" ><input type=\"hidden\" name=\"wpforms[id]\" value=\"1748\"><input type=\"hidden\" name=\"page_title\" value=\"\"><input type=\"hidden\" name=\"page_url\" value=\"https:\/\/www.interesocial.es\/es_es\/wp-json\/wp\/v2\/pages\/1735\"><input type=\"hidden\" name=\"url_referer\" value=\"\"><button type=\"submit\" name=\"wpforms[submit]\" id=\"wpforms-submit-1748\" class=\"wpforms-submit\" data-alt-text=\"Enviando...\" data-submit-text=\"Enviar\" aria-live=\"assertive\" value=\"wpforms-submit\">Enviar<\/button><img loading=\"lazy\" decoding=\"async\" src=\"https:\/\/www.interesocial.es\/wp-content\/plugins\/wpforms-lite\/assets\/images\/submit-spin.svg\" class=\"wpforms-submit-spinner\" style=\"display: none;\" width=\"26\" height=\"26\" alt=\"Cargando\"><\/div><\/form><\/div>  <!-- .wpforms-container -->\t\t\t\t<\/div>\n\t\t\t\t<\/div>\n\t\t\t\t<\/div>\n\t\t<div class=\"elementor-element elementor-element-706bf27 e-con-full e-flex e-con e-child\" data-id=\"706bf27\" data-element_type=\"container\" data-e-type=\"container\">\n\t\t\t\t<div class=\"elementor-element elementor-element-a2a7f39 elementor-widget elementor-widget-spacer\" data-id=\"a2a7f39\" data-element_type=\"widget\" data-e-type=\"widget\" data-widget_type=\"spacer.default\">\n\t\t\t\t<div class=\"elementor-widget-container\">\n\t\t\t\t\t\t\t<div class=\"elementor-spacer\">\n\t\t\t<div class=\"elementor-spacer-inner\"><\/div>\n\t\t<\/div>\n\t\t\t\t\t\t<\/div>\n\t\t\t\t<\/div>\n\t\t\t\t<\/div>\n\t\t\t\t\t<\/div>\n\t\t\t\t<\/div>\n\t\t<div class=\"elementor-element elementor-element-215f0ad e-flex e-con-boxed e-con e-parent\" data-id=\"215f0ad\" data-element_type=\"container\" data-e-type=\"container\">\n\t\t\t\t\t<div class=\"e-con-inner\">\n\t\t\t\t<div class=\"elementor-element elementor-element-e570b6f elementor-widget elementor-widget-spacer\" data-id=\"e570b6f\" data-element_type=\"widget\" data-e-type=\"widget\" data-widget_type=\"spacer.default\">\n\t\t\t\t<div class=\"elementor-widget-container\">\n\t\t\t\t\t\t\t<div class=\"elementor-spacer\">\n\t\t\t<div class=\"elementor-spacer-inner\"><\/div>\n\t\t<\/div>\n\t\t\t\t\t\t<\/div>\n\t\t\t\t<\/div>\n\t\t\t\t\t<\/div>\n\t\t\t\t<\/div>\n\t\t\t\t<section class=\"elementor-section elementor-top-section elementor-element elementor-element-09b07cb elementor-section-boxed elementor-section-height-default elementor-section-height-default\" data-id=\"09b07cb\" data-element_type=\"section\" data-e-type=\"section\" data-settings=\"{&quot;background_background&quot;:&quot;classic&quot;}\">\n\t\t\t\t\t\t\t<div class=\"elementor-background-overlay\"><\/div>\n\t\t\t\t\t\t\t<div class=\"elementor-container elementor-column-gap-default\">\n\t\t\t\t\t<div class=\"elementor-column elementor-col-100 elementor-top-column elementor-element elementor-element-236d568 elementor-invisible\" data-id=\"236d568\" data-element_type=\"column\" data-e-type=\"column\" data-settings=\"{&quot;animation&quot;:&quot;fadeIn&quot;}\">\n\t\t\t<div class=\"elementor-widget-wrap elementor-element-populated\">\n\t\t\t\t\t\t<div class=\"elementor-element elementor-element-722f86b elementor-invisible elementor-widget elementor-widget-heading\" data-id=\"722f86b\" data-element_type=\"widget\" data-e-type=\"widget\" data-settings=\"{&quot;_animation&quot;:&quot;fadeIn&quot;}\" data-widget_type=\"heading.default\">\n\t\t\t\t<div class=\"elementor-widget-container\">\n\t\t\t\t\t<h1 class=\"elementor-heading-title elementor-size-default\">INTER\u00e8SOCIAL<\/h1>\t\t\t\t<\/div>\n\t\t\t\t<\/div>\n\t\t\t\t<div class=\"elementor-element elementor-element-4f20d43 elementor-widget elementor-widget-heading\" data-id=\"4f20d43\" data-element_type=\"widget\" data-e-type=\"widget\" data-widget_type=\"heading.default\">\n\t\t\t\t<div class=\"elementor-widget-container\">\n\t\t\t\t\t<h6 class=\"elementor-heading-title elementor-size-default\">A tu servicio<\/h6>\t\t\t\t<\/div>\n\t\t\t\t<\/div>\n\t\t\t\t<div class=\"elementor-element elementor-element-f652459 elementor-invisible elementor-widget elementor-widget-text-editor\" data-id=\"f652459\" data-element_type=\"widget\" data-e-type=\"widget\" data-settings=\"{&quot;_animation&quot;:&quot;fadeIn&quot;,&quot;_animation_delay&quot;:100}\" data-widget_type=\"text-editor.default\">\n\t\t\t\t<div class=\"elementor-widget-container\">\n\t\t\t\t\t\t\t\t\t<p><span style=\"font-weight: 400;\">El Contrato de Formaci\u00f3n en Alternancia<\/span><\/p>\t\t\t\t\t\t\t\t<\/div>\n\t\t\t\t<\/div>\n\t\t\t\t\t<\/div>\n\t\t<\/div>\n\t\t\t\t<div class=\"elementor-column elementor-col-100 elementor-top-column elementor-element elementor-element-3856eb0 elementor-invisible\" data-id=\"3856eb0\" data-element_type=\"column\" data-e-type=\"column\" data-settings=\"{&quot;animation&quot;:&quot;fadeIn&quot;,&quot;animation_delay&quot;:150}\">\n\t\t\t<div class=\"elementor-widget-wrap elementor-element-populated\">\n\t\t\t\t\t\t<div class=\"elementor-element elementor-element-739c5d7 elementor-align-right elementor-widget__width-initial elementor-tablet-align-center elementor-widget-tablet__width-initial elementor-widget-mobile__width-initial elementor-invisible elementor-widget elementor-widget-button\" data-id=\"739c5d7\" data-element_type=\"widget\" data-e-type=\"widget\" data-settings=\"{&quot;_animation&quot;:&quot;fadeInRight&quot;,&quot;_animation_delay&quot;:200}\" data-widget_type=\"button.default\">\n\t\t\t\t<div class=\"elementor-widget-container\">\n\t\t\t\t\t\t\t\t\t<div class=\"elementor-button-wrapper\">\n\t\t\t\t\t<a class=\"elementor-button elementor-button-link elementor-size-sm\" href=\"https:\/\/www.interesocial.es\/formulario-contacto\/\">\n\t\t\t\t\t\t<span class=\"elementor-button-content-wrapper\">\n\t\t\t\t\t\t\t\t\t<span class=\"elementor-button-text\">saber m\u00e1s<\/span>\n\t\t\t\t\t<\/span>\n\t\t\t\t\t<\/a>\n\t\t\t\t<\/div>\n\t\t\t\t\t\t\t\t<\/div>\n\t\t\t\t<\/div>\n\t\t\t\t\t<\/div>\n\t\t<\/div>\n\t\t\t\t\t<\/div>\n\t\t<\/section>\n\t\t\t\t<\/div>\n\t\t","protected":false},"excerpt":{"rendered":"<p>Por favor, activa JavaScript en tu navegador para completar este formulario.Por favor, activa JavaScript en tu navegador para completar este formulario.Correo electr\u00f3nico *Comentarios Enviar INTER\u00e8SOCIAL A tu servicio El Contrato de Formaci\u00f3n en Alternancia saber m\u00e1s<\/p>\n","protected":false},"author":1,"featured_media":0,"parent":0,"menu_order":0,"comment_status":"closed","ping_status":"closed","template":"","meta":{"_eb_attr":"","om_disable_all_campaigns":false,"_monsterinsights_skip_tracking":false,"_monsterinsights_sitenote_active":false,"_monsterinsights_sitenote_note":"","_monsterinsights_sitenote_category":0,"_uf_show_specific_survey":0,"_uf_disable_surveys":false,"footnotes":""},"class_list":["post-1735","page","type-page","status-publish","hentry"],"aioseo_notices":[],"_links":{"self":[{"href":"https:\/\/www.interesocial.es\/es_es\/wp-json\/wp\/v2\/pages\/1735","targetHints":{"allow":["GET"]}}],"collection":[{"href":"https:\/\/www.interesocial.es\/es_es\/wp-json\/wp\/v2\/pages"}],"about":[{"href":"https:\/\/www.interesocial.es\/es_es\/wp-json\/wp\/v2\/types\/page"}],"author":[{"embeddable":true,"href":"https:\/\/www.interesocial.es\/es_es\/wp-json\/wp\/v2\/users\/1"}],"replies":[{"embeddable":true,"href":"https:\/\/www.interesocial.es\/es_es\/wp-json\/wp\/v2\/comments?post=1735"}],"version-history":[{"count":10,"href":"https:\/\/www.interesocial.es\/es_es\/wp-json\/wp\/v2\/pages\/1735\/revisions"}],"predecessor-version":[{"id":1820,"href":"https:\/\/www.interesocial.es\/es_es\/wp-json\/wp\/v2\/pages\/1735\/revisions\/1820"}],"wp:attachment":[{"href":"https:\/\/www.interesocial.es\/es_es\/wp-json\/wp\/v2\/media?parent=1735"}],"curies":[{"name":"wp","href":"https:\/\/api.w.org\/{rel}","templated":true}]}}