{"id":1653,"date":"2025-03-05T09:07:53","date_gmt":"2025-03-05T09:07:53","guid":{"rendered":"https:\/\/www.interesocial.es\/?page_id=1653"},"modified":"2025-03-09T22:36:24","modified_gmt":"2025-03-09T22:36:24","slug":"6-razones-para-formar-un-aprendiz-empresa","status":"publish","type":"page","link":"https:\/\/www.interesocial.es\/es_es\/6-razones-para-formar-un-aprendiz-empresa\/","title":{"rendered":"6 Razones Para Formar Un Aprendiz"},"content":{"rendered":"\t\t<div data-elementor-type=\"wp-page\" data-elementor-id=\"1653\" class=\"elementor elementor-1653\">\n\t\t\t\t<div class=\"elementor-element elementor-element-7418d4c e-flex e-con-boxed e-con e-parent\" data-id=\"7418d4c\" data-element_type=\"container\" data-e-type=\"container\">\n\t\t\t\t\t<div class=\"e-con-inner\">\n\t\t<div class=\"elementor-element elementor-element-99dea51 e-con-full e-flex e-con e-child\" data-id=\"99dea51\" data-element_type=\"container\" data-e-type=\"container\">\n\t\t\t\t<div class=\"elementor-element elementor-element-e8cb520 elementor-widget elementor-widget-spacer\" data-id=\"e8cb520\" data-element_type=\"widget\" data-e-type=\"widget\" data-widget_type=\"spacer.default\">\n\t\t\t\t<div class=\"elementor-widget-container\">\n\t\t\t\t\t\t\t<div class=\"elementor-spacer\">\n\t\t\t<div class=\"elementor-spacer-inner\"><\/div>\n\t\t<\/div>\n\t\t\t\t\t\t<\/div>\n\t\t\t\t<\/div>\n\t\t\t\t<\/div>\n\t\t<div class=\"elementor-element elementor-element-b3e0638 e-con-full e-flex e-con e-child\" data-id=\"b3e0638\" data-element_type=\"container\" data-e-type=\"container\">\n\t\t\t\t<div class=\"elementor-element elementor-element-360624d elementor-widget elementor-widget-image\" data-id=\"360624d\" data-element_type=\"widget\" data-e-type=\"widget\" data-widget_type=\"image.default\">\n\t\t\t\t<div class=\"elementor-widget-container\">\n\t\t\t\t\t\t\t\t\t\t\t\t\t\t\t<img fetchpriority=\"high\" decoding=\"async\" width=\"1536\" height=\"864\" src=\"https:\/\/www.interesocial.es\/wp-content\/uploads\/2025\/03\/6-RAZONES-PARA-FORMAR-A-UN-APRENDIZ-1-1-1536x864.png\" class=\"attachment-1536x1536 size-1536x1536 wp-image-1807\" alt=\"\" srcset=\"https:\/\/www.interesocial.es\/wp-content\/uploads\/2025\/03\/6-RAZONES-PARA-FORMAR-A-UN-APRENDIZ-1-1-1536x864.png 1536w, https:\/\/www.interesocial.es\/wp-content\/uploads\/2025\/03\/6-RAZONES-PARA-FORMAR-A-UN-APRENDIZ-1-1-300x169.png 300w, https:\/\/www.interesocial.es\/wp-content\/uploads\/2025\/03\/6-RAZONES-PARA-FORMAR-A-UN-APRENDIZ-1-1-1024x576.png 1024w, https:\/\/www.interesocial.es\/wp-content\/uploads\/2025\/03\/6-RAZONES-PARA-FORMAR-A-UN-APRENDIZ-1-1-768x432.png 768w, https:\/\/www.interesocial.es\/wp-content\/uploads\/2025\/03\/6-RAZONES-PARA-FORMAR-A-UN-APRENDIZ-1-1.png 1920w\" sizes=\"(max-width: 1536px) 100vw, 1536px\" \/>\t\t\t\t\t\t\t\t\t\t\t\t\t\t\t<\/div>\n\t\t\t\t<\/div>\n\t\t\t\t<div class=\"elementor-element elementor-element-5a143db elementor-widget elementor-widget-image\" data-id=\"5a143db\" data-element_type=\"widget\" data-e-type=\"widget\" data-widget_type=\"image.default\">\n\t\t\t\t<div class=\"elementor-widget-container\">\n\t\t\t\t\t\t\t\t\t\t\t\t\t\t\t<img decoding=\"async\" width=\"1536\" height=\"864\" src=\"https:\/\/www.interesocial.es\/wp-content\/uploads\/2025\/03\/6-RAZONES-PARA-FORMAR-A-UN-APRENDIZ-1-1536x864.png\" class=\"attachment-1536x1536 size-1536x1536 wp-image-1656\" alt=\"\" srcset=\"https:\/\/www.interesocial.es\/wp-content\/uploads\/2025\/03\/6-RAZONES-PARA-FORMAR-A-UN-APRENDIZ-1-1536x864.png 1536w, https:\/\/www.interesocial.es\/wp-content\/uploads\/2025\/03\/6-RAZONES-PARA-FORMAR-A-UN-APRENDIZ-1-300x169.png 300w, https:\/\/www.interesocial.es\/wp-content\/uploads\/2025\/03\/6-RAZONES-PARA-FORMAR-A-UN-APRENDIZ-1-1024x576.png 1024w, https:\/\/www.interesocial.es\/wp-content\/uploads\/2025\/03\/6-RAZONES-PARA-FORMAR-A-UN-APRENDIZ-1-768x432.png 768w, https:\/\/www.interesocial.es\/wp-content\/uploads\/2025\/03\/6-RAZONES-PARA-FORMAR-A-UN-APRENDIZ-1.png 1920w\" sizes=\"(max-width: 1536px) 100vw, 1536px\" \/>\t\t\t\t\t\t\t\t\t\t\t\t\t\t\t<\/div>\n\t\t\t\t<\/div>\n\t\t\t\t<div class=\"elementor-element elementor-element-79e9a42 elementor-widget elementor-widget-image\" data-id=\"79e9a42\" data-element_type=\"widget\" data-e-type=\"widget\" data-widget_type=\"image.default\">\n\t\t\t\t<div class=\"elementor-widget-container\">\n\t\t\t\t\t\t\t\t\t\t\t\t\t\t\t<img decoding=\"async\" width=\"1536\" height=\"864\" src=\"https:\/\/www.interesocial.es\/wp-content\/uploads\/2025\/03\/6-RAZONES-PARA-FORMAR-A-UN-APRENDIZ-2-1-1536x864.png\" class=\"attachment-1536x1536 size-1536x1536 wp-image-1659\" alt=\"\" srcset=\"https:\/\/www.interesocial.es\/wp-content\/uploads\/2025\/03\/6-RAZONES-PARA-FORMAR-A-UN-APRENDIZ-2-1-1536x864.png 1536w, https:\/\/www.interesocial.es\/wp-content\/uploads\/2025\/03\/6-RAZONES-PARA-FORMAR-A-UN-APRENDIZ-2-1-300x169.png 300w, https:\/\/www.interesocial.es\/wp-content\/uploads\/2025\/03\/6-RAZONES-PARA-FORMAR-A-UN-APRENDIZ-2-1-1024x576.png 1024w, https:\/\/www.interesocial.es\/wp-content\/uploads\/2025\/03\/6-RAZONES-PARA-FORMAR-A-UN-APRENDIZ-2-1-768x432.png 768w, https:\/\/www.interesocial.es\/wp-content\/uploads\/2025\/03\/6-RAZONES-PARA-FORMAR-A-UN-APRENDIZ-2-1.png 1920w\" sizes=\"(max-width: 1536px) 100vw, 1536px\" \/>\t\t\t\t\t\t\t\t\t\t\t\t\t\t\t<\/div>\n\t\t\t\t<\/div>\n\t\t\t\t<div class=\"elementor-element elementor-element-f4c6517 elementor-widget elementor-widget-image\" data-id=\"f4c6517\" data-element_type=\"widget\" data-e-type=\"widget\" data-widget_type=\"image.default\">\n\t\t\t\t<div class=\"elementor-widget-container\">\n\t\t\t\t\t\t\t\t\t\t\t\t\t\t\t<img loading=\"lazy\" decoding=\"async\" width=\"1536\" height=\"864\" src=\"https:\/\/www.interesocial.es\/wp-content\/uploads\/2025\/03\/6-RAZONES-PARA-FORMAR-A-UN-APRENDIZ-3-1536x864.png\" class=\"attachment-1536x1536 size-1536x1536 wp-image-1660\" alt=\"\" srcset=\"https:\/\/www.interesocial.es\/wp-content\/uploads\/2025\/03\/6-RAZONES-PARA-FORMAR-A-UN-APRENDIZ-3-1536x864.png 1536w, https:\/\/www.interesocial.es\/wp-content\/uploads\/2025\/03\/6-RAZONES-PARA-FORMAR-A-UN-APRENDIZ-3-300x169.png 300w, https:\/\/www.interesocial.es\/wp-content\/uploads\/2025\/03\/6-RAZONES-PARA-FORMAR-A-UN-APRENDIZ-3-1024x576.png 1024w, https:\/\/www.interesocial.es\/wp-content\/uploads\/2025\/03\/6-RAZONES-PARA-FORMAR-A-UN-APRENDIZ-3-768x432.png 768w, https:\/\/www.interesocial.es\/wp-content\/uploads\/2025\/03\/6-RAZONES-PARA-FORMAR-A-UN-APRENDIZ-3.png 1920w\" sizes=\"(max-width: 1536px) 100vw, 1536px\" \/>\t\t\t\t\t\t\t\t\t\t\t\t\t\t\t<\/div>\n\t\t\t\t<\/div>\n\t\t\t\t<div class=\"elementor-element elementor-element-3669b6b elementor-widget elementor-widget-image\" data-id=\"3669b6b\" data-element_type=\"widget\" data-e-type=\"widget\" data-widget_type=\"image.default\">\n\t\t\t\t<div class=\"elementor-widget-container\">\n\t\t\t\t\t\t\t\t\t\t\t\t\t\t\t<img loading=\"lazy\" decoding=\"async\" width=\"1536\" height=\"864\" src=\"https:\/\/www.interesocial.es\/wp-content\/uploads\/2025\/03\/6-RAZONES-PARA-FORMAR-A-UN-APRENDIZ-4-1536x864.png\" class=\"attachment-1536x1536 size-1536x1536 wp-image-1661\" alt=\"\" srcset=\"https:\/\/www.interesocial.es\/wp-content\/uploads\/2025\/03\/6-RAZONES-PARA-FORMAR-A-UN-APRENDIZ-4-1536x864.png 1536w, https:\/\/www.interesocial.es\/wp-content\/uploads\/2025\/03\/6-RAZONES-PARA-FORMAR-A-UN-APRENDIZ-4-300x169.png 300w, https:\/\/www.interesocial.es\/wp-content\/uploads\/2025\/03\/6-RAZONES-PARA-FORMAR-A-UN-APRENDIZ-4-1024x576.png 1024w, https:\/\/www.interesocial.es\/wp-content\/uploads\/2025\/03\/6-RAZONES-PARA-FORMAR-A-UN-APRENDIZ-4-768x432.png 768w, https:\/\/www.interesocial.es\/wp-content\/uploads\/2025\/03\/6-RAZONES-PARA-FORMAR-A-UN-APRENDIZ-4.png 1920w\" sizes=\"(max-width: 1536px) 100vw, 1536px\" \/>\t\t\t\t\t\t\t\t\t\t\t\t\t\t\t<\/div>\n\t\t\t\t<\/div>\n\t\t\t\t<div class=\"elementor-element elementor-element-1a55f92 elementor-widget elementor-widget-image\" data-id=\"1a55f92\" data-element_type=\"widget\" data-e-type=\"widget\" data-widget_type=\"image.default\">\n\t\t\t\t<div class=\"elementor-widget-container\">\n\t\t\t\t\t\t\t\t\t\t\t\t\t\t\t<img loading=\"lazy\" decoding=\"async\" width=\"1536\" height=\"864\" src=\"https:\/\/www.interesocial.es\/wp-content\/uploads\/2025\/03\/6-RAZONES-PARA-FORMAR-A-UN-APRENDIZ-5-1536x864.png\" class=\"attachment-1536x1536 size-1536x1536 wp-image-1662\" alt=\"\" srcset=\"https:\/\/www.interesocial.es\/wp-content\/uploads\/2025\/03\/6-RAZONES-PARA-FORMAR-A-UN-APRENDIZ-5-1536x864.png 1536w, https:\/\/www.interesocial.es\/wp-content\/uploads\/2025\/03\/6-RAZONES-PARA-FORMAR-A-UN-APRENDIZ-5-300x169.png 300w, https:\/\/www.interesocial.es\/wp-content\/uploads\/2025\/03\/6-RAZONES-PARA-FORMAR-A-UN-APRENDIZ-5-1024x576.png 1024w, https:\/\/www.interesocial.es\/wp-content\/uploads\/2025\/03\/6-RAZONES-PARA-FORMAR-A-UN-APRENDIZ-5-768x432.png 768w, https:\/\/www.interesocial.es\/wp-content\/uploads\/2025\/03\/6-RAZONES-PARA-FORMAR-A-UN-APRENDIZ-5.png 1920w\" sizes=\"(max-width: 1536px) 100vw, 1536px\" \/>\t\t\t\t\t\t\t\t\t\t\t\t\t\t\t<\/div>\n\t\t\t\t<\/div>\n\t\t\t\t<div class=\"elementor-element elementor-element-24975f1 elementor-widget elementor-widget-image\" data-id=\"24975f1\" data-element_type=\"widget\" data-e-type=\"widget\" data-widget_type=\"image.default\">\n\t\t\t\t<div class=\"elementor-widget-container\">\n\t\t\t\t\t\t\t\t\t\t\t\t\t\t\t<img loading=\"lazy\" decoding=\"async\" width=\"1536\" height=\"864\" src=\"https:\/\/www.interesocial.es\/wp-content\/uploads\/2025\/03\/6-RAZONES-PARA-FORMAR-A-UN-APRENDIZ-6-1536x864.png\" class=\"attachment-1536x1536 size-1536x1536 wp-image-1663\" alt=\"\" srcset=\"https:\/\/www.interesocial.es\/wp-content\/uploads\/2025\/03\/6-RAZONES-PARA-FORMAR-A-UN-APRENDIZ-6-1536x864.png 1536w, https:\/\/www.interesocial.es\/wp-content\/uploads\/2025\/03\/6-RAZONES-PARA-FORMAR-A-UN-APRENDIZ-6-300x169.png 300w, https:\/\/www.interesocial.es\/wp-content\/uploads\/2025\/03\/6-RAZONES-PARA-FORMAR-A-UN-APRENDIZ-6-1024x576.png 1024w, https:\/\/www.interesocial.es\/wp-content\/uploads\/2025\/03\/6-RAZONES-PARA-FORMAR-A-UN-APRENDIZ-6-768x432.png 768w, https:\/\/www.interesocial.es\/wp-content\/uploads\/2025\/03\/6-RAZONES-PARA-FORMAR-A-UN-APRENDIZ-6.png 1920w\" sizes=\"(max-width: 1536px) 100vw, 1536px\" \/>\t\t\t\t\t\t\t\t\t\t\t\t\t\t\t<\/div>\n\t\t\t\t<\/div>\n\t\t\t\t<div class=\"elementor-element elementor-element-803f364 elementor-widget elementor-widget-image\" data-id=\"803f364\" data-element_type=\"widget\" data-e-type=\"widget\" data-widget_type=\"image.default\">\n\t\t\t\t<div class=\"elementor-widget-container\">\n\t\t\t\t\t\t\t\t\t\t\t\t\t\t\t<img loading=\"lazy\" decoding=\"async\" width=\"1536\" height=\"864\" src=\"https:\/\/www.interesocial.es\/wp-content\/uploads\/2025\/03\/6-RAZONES-PARA-FORMAR-A-UN-APRENDIZ-7-1536x864.png\" class=\"attachment-1536x1536 size-1536x1536 wp-image-1664\" alt=\"\" srcset=\"https:\/\/www.interesocial.es\/wp-content\/uploads\/2025\/03\/6-RAZONES-PARA-FORMAR-A-UN-APRENDIZ-7-1536x864.png 1536w, https:\/\/www.interesocial.es\/wp-content\/uploads\/2025\/03\/6-RAZONES-PARA-FORMAR-A-UN-APRENDIZ-7-300x169.png 300w, https:\/\/www.interesocial.es\/wp-content\/uploads\/2025\/03\/6-RAZONES-PARA-FORMAR-A-UN-APRENDIZ-7-1024x576.png 1024w, https:\/\/www.interesocial.es\/wp-content\/uploads\/2025\/03\/6-RAZONES-PARA-FORMAR-A-UN-APRENDIZ-7-768x432.png 768w, https:\/\/www.interesocial.es\/wp-content\/uploads\/2025\/03\/6-RAZONES-PARA-FORMAR-A-UN-APRENDIZ-7.png 1920w\" sizes=\"(max-width: 1536px) 100vw, 1536px\" \/>\t\t\t\t\t\t\t\t\t\t\t\t\t\t\t<\/div>\n\t\t\t\t<\/div>\n\t\t\t\t<\/div>\n\t\t<div class=\"elementor-element elementor-element-60ed4b1 e-con-full e-flex e-con e-child\" data-id=\"60ed4b1\" data-element_type=\"container\" data-e-type=\"container\">\n\t\t\t\t<div class=\"elementor-element elementor-element-d7c4a55 elementor-widget elementor-widget-spacer\" data-id=\"d7c4a55\" data-element_type=\"widget\" data-e-type=\"widget\" data-widget_type=\"spacer.default\">\n\t\t\t\t<div class=\"elementor-widget-container\">\n\t\t\t\t\t\t\t<div class=\"elementor-spacer\">\n\t\t\t<div class=\"elementor-spacer-inner\"><\/div>\n\t\t<\/div>\n\t\t\t\t\t\t<\/div>\n\t\t\t\t<\/div>\n\t\t\t\t<\/div>\n\t\t\t\t\t<\/div>\n\t\t\t\t<\/div>\n\t\t<div class=\"elementor-element elementor-element-ceb58dd e-flex e-con-boxed e-con e-parent\" data-id=\"ceb58dd\" data-element_type=\"container\" data-e-type=\"container\">\n\t\t\t\t\t<div class=\"e-con-inner\">\n\t\t<div class=\"elementor-element elementor-element-8be2bc1 e-con-full e-flex e-con e-child\" data-id=\"8be2bc1\" data-element_type=\"container\" data-e-type=\"container\">\n\t\t\t\t<div class=\"elementor-element elementor-element-d5ed1f2 elementor-widget elementor-widget-spacer\" data-id=\"d5ed1f2\" data-element_type=\"widget\" data-e-type=\"widget\" data-widget_type=\"spacer.default\">\n\t\t\t\t<div class=\"elementor-widget-container\">\n\t\t\t\t\t\t\t<div class=\"elementor-spacer\">\n\t\t\t<div class=\"elementor-spacer-inner\"><\/div>\n\t\t<\/div>\n\t\t\t\t\t\t<\/div>\n\t\t\t\t<\/div>\n\t\t\t\t<\/div>\n\t\t<div class=\"elementor-element elementor-element-0c9a06a e-con-full e-flex e-con e-child\" data-id=\"0c9a06a\" data-element_type=\"container\" data-e-type=\"container\">\n\t\t\t\t<div class=\"elementor-element elementor-element-d4197c1 elementor-widget elementor-widget-wpforms\" data-id=\"d4197c1\" data-element_type=\"widget\" data-e-type=\"widget\" data-widget_type=\"wpforms.default\">\n\t\t\t\t<div class=\"elementor-widget-container\">\n\t\t\t\t\t<div class=\"wpforms-container wpforms-container-full wpforms-render-modern\" id=\"wpforms-1748\"><form id=\"wpforms-form-1748\" class=\"wpforms-validate wpforms-form wpforms-ajax-form\" data-formid=\"1748\" method=\"post\" enctype=\"multipart\/form-data\" action=\"\/es_es\/wp-json\/wp\/v2\/pages\/1653\" data-token=\"94b625ab67ba512fab47e5b9da262fbe\" data-token-time=\"1777401136\"><noscript class=\"wpforms-error-noscript\">Por favor, activa JavaScript en tu navegador para completar este formulario.<\/noscript><div id=\"wpforms-error-noscript\" style=\"display: none;\">Por favor, activa JavaScript en tu navegador para completar este formulario.<\/div><div class=\"wpforms-field-container\">\t\t<div id=\"wpforms-1748-field_1-container\"\n\t\t\tclass=\"wpforms-field wpforms-field-text\"\n\t\t\tdata-field-type=\"text\"\n\t\t\tdata-field-id=\"1\"\n\t\t\t>\n\t\t\t<label class=\"wpforms-field-label\" for=\"wpforms-1748-field_1\" >Correo electr\u00f3nico Comentarios<\/label>\n\t\t\t<input type=\"text\" id=\"wpforms-1748-field_1\" class=\"wpforms-field-medium\" name=\"wpforms[fields][1]\" >\n\t\t<\/div>\n\t\t<div id=\"wpforms-1748-field_4-container\" class=\"wpforms-field wpforms-field-email\" data-field-id=\"4\"><fieldset><legend class=\"wpforms-field-label\">Correo electr\u00f3nico <span class=\"wpforms-required-label\" aria-hidden=\"true\">*<\/span><\/legend><div class=\"wpforms-field-row wpforms-field-medium\"><div class=\"wpforms-field-row-block wpforms-one-half wpforms-first\"><input type=\"email\" id=\"wpforms-1748-field_4\" class=\"wpforms-field-required wpforms-field-email-primary\" name=\"wpforms[fields][4][primary]\" spellcheck=\"false\" aria-errormessage=\"wpforms-1748-field_4-error\" required><label for=\"wpforms-1748-field_4\" class=\"wpforms-field-sublabel after\">Correo electr\u00f3nico<\/label><\/div><div class=\"wpforms-field-row-block wpforms-one-half\"><input type=\"email\" id=\"wpforms-1748-field_4-secondary\" class=\"wpforms-field-email-secondary wpforms-field-required\" data-rule-confirm=\"#wpforms-1748-field_4\" name=\"wpforms[fields][4][secondary]\" spellcheck=\"false\" aria-errormessage=\"wpforms-1748-field_4-secondary-error\" required><label for=\"wpforms-1748-field_4-secondary\" class=\"wpforms-field-sublabel after\">Confirmar el correo electr\u00f3nico<\/label><\/div><\/div><\/fieldset><\/div><div id=\"wpforms-1748-field_3-container\" class=\"wpforms-field wpforms-field-textarea\" data-field-id=\"3\"><label class=\"wpforms-field-label\" for=\"wpforms-1748-field_3\">Comentarios<\/label><textarea id=\"wpforms-1748-field_3\" class=\"wpforms-field-medium\" name=\"wpforms[fields][3]\" aria-errormessage=\"wpforms-1748-field_3-error\" ><\/textarea><\/div><script>\n\t\t\t\t( function() {\n\t\t\t\t\tconst style = document.createElement( 'style' );\n\t\t\t\t\tstyle.appendChild( document.createTextNode( '#wpforms-1748-field_1-container { position: absolute !important; overflow: hidden !important; display: inline !important; height: 1px !important; width: 1px !important; z-index: -1000 !important; padding: 0 !important; } #wpforms-1748-field_1-container input { visibility: hidden; } #wpforms-conversational-form-page #wpforms-1748-field_1-container label { counter-increment: none; }' ) );\n\t\t\t\t\tdocument.head.appendChild( style );\n\t\t\t\t\tdocument.currentScript?.remove();\n\t\t\t\t} )();\n\t\t\t<\/script><\/div><!-- .wpforms-field-container --><div class=\"wpforms-submit-container\" ><input type=\"hidden\" name=\"wpforms[id]\" value=\"1748\"><input type=\"hidden\" name=\"page_title\" value=\"\"><input type=\"hidden\" name=\"page_url\" value=\"https:\/\/www.interesocial.es\/es_es\/wp-json\/wp\/v2\/pages\/1653\"><input type=\"hidden\" name=\"url_referer\" value=\"\"><button type=\"submit\" name=\"wpforms[submit]\" id=\"wpforms-submit-1748\" class=\"wpforms-submit\" data-alt-text=\"Enviando...\" data-submit-text=\"Enviar\" aria-live=\"assertive\" value=\"wpforms-submit\">Enviar<\/button><img loading=\"lazy\" decoding=\"async\" src=\"https:\/\/www.interesocial.es\/wp-content\/plugins\/wpforms-lite\/assets\/images\/submit-spin.svg\" class=\"wpforms-submit-spinner\" style=\"display: none;\" width=\"26\" height=\"26\" alt=\"Cargando\"><\/div><\/form><\/div>  <!-- .wpforms-container -->\t\t\t\t<\/div>\n\t\t\t\t<\/div>\n\t\t\t\t<\/div>\n\t\t<div class=\"elementor-element elementor-element-d493481 e-con-full e-flex e-con e-child\" data-id=\"d493481\" data-element_type=\"container\" data-e-type=\"container\">\n\t\t\t\t<div class=\"elementor-element elementor-element-1a83563 elementor-widget elementor-widget-spacer\" data-id=\"1a83563\" data-element_type=\"widget\" data-e-type=\"widget\" data-widget_type=\"spacer.default\">\n\t\t\t\t<div class=\"elementor-widget-container\">\n\t\t\t\t\t\t\t<div class=\"elementor-spacer\">\n\t\t\t<div class=\"elementor-spacer-inner\"><\/div>\n\t\t<\/div>\n\t\t\t\t\t\t<\/div>\n\t\t\t\t<\/div>\n\t\t\t\t<\/div>\n\t\t\t\t\t<\/div>\n\t\t\t\t<\/div>\n\t\t<div class=\"elementor-element elementor-element-2c12842 e-flex e-con-boxed e-con e-parent\" data-id=\"2c12842\" data-element_type=\"container\" data-e-type=\"container\">\n\t\t\t\t\t<div class=\"e-con-inner\">\n\t\t\t\t<div class=\"elementor-element elementor-element-a8c05f4 elementor-widget elementor-widget-spacer\" data-id=\"a8c05f4\" data-element_type=\"widget\" data-e-type=\"widget\" data-widget_type=\"spacer.default\">\n\t\t\t\t<div class=\"elementor-widget-container\">\n\t\t\t\t\t\t\t<div class=\"elementor-spacer\">\n\t\t\t<div class=\"elementor-spacer-inner\"><\/div>\n\t\t<\/div>\n\t\t\t\t\t\t<\/div>\n\t\t\t\t<\/div>\n\t\t\t\t\t<\/div>\n\t\t\t\t<\/div>\n\t\t\t\t<section class=\"elementor-section elementor-top-section elementor-element elementor-element-acab200 elementor-section-boxed elementor-section-height-default elementor-section-height-default\" data-id=\"acab200\" data-element_type=\"section\" data-e-type=\"section\" data-settings=\"{&quot;background_background&quot;:&quot;classic&quot;}\">\n\t\t\t\t\t\t\t<div class=\"elementor-background-overlay\"><\/div>\n\t\t\t\t\t\t\t<div class=\"elementor-container elementor-column-gap-default\">\n\t\t\t\t\t<div class=\"elementor-column elementor-col-100 elementor-top-column elementor-element elementor-element-03716f5 elementor-invisible\" data-id=\"03716f5\" data-element_type=\"column\" data-e-type=\"column\" data-settings=\"{&quot;animation&quot;:&quot;fadeIn&quot;}\">\n\t\t\t<div class=\"elementor-widget-wrap elementor-element-populated\">\n\t\t\t\t\t\t<div class=\"elementor-element elementor-element-52bce9f elementor-invisible elementor-widget elementor-widget-heading\" data-id=\"52bce9f\" data-element_type=\"widget\" data-e-type=\"widget\" data-settings=\"{&quot;_animation&quot;:&quot;fadeIn&quot;}\" data-widget_type=\"heading.default\">\n\t\t\t\t<div class=\"elementor-widget-container\">\n\t\t\t\t\t<h1 class=\"elementor-heading-title elementor-size-default\">INTER\u00e8SOCIAL<\/h1>\t\t\t\t<\/div>\n\t\t\t\t<\/div>\n\t\t\t\t<div class=\"elementor-element elementor-element-b5cd87c elementor-widget elementor-widget-heading\" data-id=\"b5cd87c\" data-element_type=\"widget\" data-e-type=\"widget\" data-widget_type=\"heading.default\">\n\t\t\t\t<div class=\"elementor-widget-container\">\n\t\t\t\t\t<h6 class=\"elementor-heading-title elementor-size-default\">A tu servicio<\/h6>\t\t\t\t<\/div>\n\t\t\t\t<\/div>\n\t\t\t\t<div class=\"elementor-element elementor-element-c5189c4 elementor-invisible elementor-widget elementor-widget-text-editor\" data-id=\"c5189c4\" data-element_type=\"widget\" data-e-type=\"widget\" data-settings=\"{&quot;_animation&quot;:&quot;fadeIn&quot;,&quot;_animation_delay&quot;:100}\" data-widget_type=\"text-editor.default\">\n\t\t\t\t<div class=\"elementor-widget-container\">\n\t\t\t\t\t\t\t\t\t<p><span style=\"font-weight: 400;\">Forma a los Profesionales del Ma\u00f1ana con el Contrato de Formaci\u00f3n en Alternancia<\/span><\/p>\t\t\t\t\t\t\t\t<\/div>\n\t\t\t\t<\/div>\n\t\t\t\t\t<\/div>\n\t\t<\/div>\n\t\t\t\t<div class=\"elementor-column elementor-col-100 elementor-top-column elementor-element elementor-element-85366de elementor-invisible\" data-id=\"85366de\" data-element_type=\"column\" data-e-type=\"column\" data-settings=\"{&quot;animation&quot;:&quot;fadeIn&quot;,&quot;animation_delay&quot;:150}\">\n\t\t\t<div class=\"elementor-widget-wrap elementor-element-populated\">\n\t\t\t\t\t\t<div class=\"elementor-element elementor-element-9b8375b elementor-align-right elementor-widget__width-initial elementor-tablet-align-center elementor-widget-tablet__width-initial elementor-widget-mobile__width-initial elementor-invisible elementor-widget elementor-widget-button\" data-id=\"9b8375b\" data-element_type=\"widget\" data-e-type=\"widget\" data-settings=\"{&quot;_animation&quot;:&quot;fadeInRight&quot;,&quot;_animation_delay&quot;:200}\" data-widget_type=\"button.default\">\n\t\t\t\t<div class=\"elementor-widget-container\">\n\t\t\t\t\t\t\t\t\t<div class=\"elementor-button-wrapper\">\n\t\t\t\t\t<a class=\"elementor-button elementor-button-link elementor-size-sm\" href=\"https:\/\/www.interesocial.es\/formulario-contacto\/\">\n\t\t\t\t\t\t<span class=\"elementor-button-content-wrapper\">\n\t\t\t\t\t\t\t\t\t<span class=\"elementor-button-text\">saber m\u00e1s<\/span>\n\t\t\t\t\t<\/span>\n\t\t\t\t\t<\/a>\n\t\t\t\t<\/div>\n\t\t\t\t\t\t\t\t<\/div>\n\t\t\t\t<\/div>\n\t\t\t\t\t<\/div>\n\t\t<\/div>\n\t\t\t\t\t<\/div>\n\t\t<\/section>\n\t\t\t\t<\/div>\n\t\t","protected":false},"excerpt":{"rendered":"<p>Por favor, activa JavaScript en tu navegador para completar este formulario.Por favor, activa JavaScript en tu navegador para completar este formulario.Correo electr\u00f3nico *Comentarios Enviar INTER\u00e8SOCIAL A tu servicio Forma a los Profesionales del Ma\u00f1ana con el Contrato de Formaci\u00f3n en Alternancia saber m\u00e1s<\/p>\n","protected":false},"author":1,"featured_media":0,"parent":0,"menu_order":0,"comment_status":"closed","ping_status":"closed","template":"","meta":{"_eb_attr":"","om_disable_all_campaigns":false,"_monsterinsights_skip_tracking":false,"_monsterinsights_sitenote_active":false,"_monsterinsights_sitenote_note":"","_monsterinsights_sitenote_category":0,"_uf_show_specific_survey":0,"_uf_disable_surveys":false,"footnotes":""},"class_list":["post-1653","page","type-page","status-publish","hentry"],"aioseo_notices":[],"_links":{"self":[{"href":"https:\/\/www.interesocial.es\/es_es\/wp-json\/wp\/v2\/pages\/1653","targetHints":{"allow":["GET"]}}],"collection":[{"href":"https:\/\/www.interesocial.es\/es_es\/wp-json\/wp\/v2\/pages"}],"about":[{"href":"https:\/\/www.interesocial.es\/es_es\/wp-json\/wp\/v2\/types\/page"}],"author":[{"embeddable":true,"href":"https:\/\/www.interesocial.es\/es_es\/wp-json\/wp\/v2\/users\/1"}],"replies":[{"embeddable":true,"href":"https:\/\/www.interesocial.es\/es_es\/wp-json\/wp\/v2\/comments?post=1653"}],"version-history":[{"count":15,"href":"https:\/\/www.interesocial.es\/es_es\/wp-json\/wp\/v2\/pages\/1653\/revisions"}],"predecessor-version":[{"id":2056,"href":"https:\/\/www.interesocial.es\/es_es\/wp-json\/wp\/v2\/pages\/1653\/revisions\/2056"}],"wp:attachment":[{"href":"https:\/\/www.interesocial.es\/es_es\/wp-json\/wp\/v2\/media?parent=1653"}],"curies":[{"name":"wp","href":"https:\/\/api.w.org\/{rel}","templated":true}]}}