{"id":1762,"date":"2025-03-07T11:29:11","date_gmt":"2025-03-07T11:29:11","guid":{"rendered":"https:\/\/www.interesocial.es\/?page_id=1762"},"modified":"2025-03-07T13:15:21","modified_gmt":"2025-03-07T13:15:21","slug":"significado-del-tutor-de-empresa","status":"publish","type":"page","link":"https:\/\/www.interesocial.es\/ca\/significado-del-tutor-de-empresa\/","title":{"rendered":"Significado Del Tutor De Empresa"},"content":{"rendered":"<div data-elementor-type=\"wp-page\" data-elementor-id=\"1762\" class=\"elementor elementor-1762\">\n\t\t\t\t<div class=\"elementor-element elementor-element-7ca97df e-flex e-con-boxed e-con e-parent\" data-id=\"7ca97df\" data-element_type=\"container\" data-e-type=\"container\" data-settings=\"{&quot;background_background&quot;:&quot;video&quot;,&quot;background_video_start&quot;:30,&quot;background_video_end&quot;:100}\">\n\t\t\t\t\t<div class=\"e-con-inner\">\n\t\t<div class=\"elementor-element elementor-element-8589085 e-con-full e-flex e-con e-child\" data-id=\"8589085\" data-element_type=\"container\" data-e-type=\"container\">\n\t\t\t\t<div class=\"elementor-element elementor-element-82fefef elementor-widget elementor-widget-spacer\" data-id=\"82fefef\" data-element_type=\"widget\" data-e-type=\"widget\" data-widget_type=\"spacer.default\">\n\t\t\t\t<div class=\"elementor-widget-container\">\n\t\t\t\t\t\t\t<div class=\"elementor-spacer\">\n\t\t\t<div class=\"elementor-spacer-inner\"><\/div>\n\t\t<\/div>\n\t\t\t\t\t\t<\/div>\n\t\t\t\t<\/div>\n\t\t\t\t<\/div>\n\t\t<div class=\"elementor-element elementor-element-ee45d1d e-con-full e-flex e-con e-child\" data-id=\"ee45d1d\" data-element_type=\"container\" data-e-type=\"container\">\n\t\t\t\t<div class=\"elementor-element elementor-element-2873a08 elementor-widget elementor-widget-image\" data-id=\"2873a08\" data-element_type=\"widget\" data-e-type=\"widget\" data-widget_type=\"image.default\">\n\t\t\t\t<div class=\"elementor-widget-container\">\n\t\t\t\t\t\t\t\t\t\t\t\t\t\t\t<img fetchpriority=\"high\" decoding=\"async\" width=\"1536\" height=\"864\" src=\"https:\/\/www.interesocial.es\/wp-content\/uploads\/2025\/03\/\u00bfQue-es-un-tutor-de-empresa-1536x864.png\" class=\"attachment-1536x1536 size-1536x1536 wp-image-1764\" alt=\"\" srcset=\"https:\/\/www.interesocial.es\/wp-content\/uploads\/2025\/03\/\u00bfQue-es-un-tutor-de-empresa-1536x864.png 1536w, https:\/\/www.interesocial.es\/wp-content\/uploads\/2025\/03\/\u00bfQue-es-un-tutor-de-empresa-300x169.png 300w, https:\/\/www.interesocial.es\/wp-content\/uploads\/2025\/03\/\u00bfQue-es-un-tutor-de-empresa-1024x576.png 1024w, https:\/\/www.interesocial.es\/wp-content\/uploads\/2025\/03\/\u00bfQue-es-un-tutor-de-empresa-768x432.png 768w, https:\/\/www.interesocial.es\/wp-content\/uploads\/2025\/03\/\u00bfQue-es-un-tutor-de-empresa.png 1920w\" sizes=\"(max-width: 1536px) 100vw, 1536px\" \/>\t\t\t\t\t\t\t\t\t\t\t\t\t\t\t<\/div>\n\t\t\t\t<\/div>\n\t\t\t\t<div class=\"elementor-element elementor-element-22ca29c elementor-widget elementor-widget-image\" data-id=\"22ca29c\" data-element_type=\"widget\" data-e-type=\"widget\" data-widget_type=\"image.default\">\n\t\t\t\t<div class=\"elementor-widget-container\">\n\t\t\t\t\t\t\t\t\t\t\t\t\t\t\t<img decoding=\"async\" width=\"1536\" height=\"864\" src=\"https:\/\/www.interesocial.es\/wp-content\/uploads\/2025\/03\/\u00bfQue-es-un-tutor-de-empresa-1-1536x864.png\" class=\"attachment-1536x1536 size-1536x1536 wp-image-1765\" alt=\"\" srcset=\"https:\/\/www.interesocial.es\/wp-content\/uploads\/2025\/03\/\u00bfQue-es-un-tutor-de-empresa-1-1536x864.png 1536w, https:\/\/www.interesocial.es\/wp-content\/uploads\/2025\/03\/\u00bfQue-es-un-tutor-de-empresa-1-300x169.png 300w, https:\/\/www.interesocial.es\/wp-content\/uploads\/2025\/03\/\u00bfQue-es-un-tutor-de-empresa-1-1024x576.png 1024w, https:\/\/www.interesocial.es\/wp-content\/uploads\/2025\/03\/\u00bfQue-es-un-tutor-de-empresa-1-768x432.png 768w, https:\/\/www.interesocial.es\/wp-content\/uploads\/2025\/03\/\u00bfQue-es-un-tutor-de-empresa-1.png 1920w\" sizes=\"(max-width: 1536px) 100vw, 1536px\" \/>\t\t\t\t\t\t\t\t\t\t\t\t\t\t\t<\/div>\n\t\t\t\t<\/div>\n\t\t\t\t<div class=\"elementor-element elementor-element-3b3e8e6 elementor-widget elementor-widget-image\" data-id=\"3b3e8e6\" data-element_type=\"widget\" data-e-type=\"widget\" data-widget_type=\"image.default\">\n\t\t\t\t<div class=\"elementor-widget-container\">\n\t\t\t\t\t\t\t\t\t\t\t\t\t\t\t<img decoding=\"async\" width=\"1536\" height=\"864\" src=\"https:\/\/www.interesocial.es\/wp-content\/uploads\/2025\/03\/\u00bfQue-es-un-tutor-de-empresa-2-1536x864.png\" class=\"attachment-1536x1536 size-1536x1536 wp-image-1766\" alt=\"\" srcset=\"https:\/\/www.interesocial.es\/wp-content\/uploads\/2025\/03\/\u00bfQue-es-un-tutor-de-empresa-2-1536x864.png 1536w, https:\/\/www.interesocial.es\/wp-content\/uploads\/2025\/03\/\u00bfQue-es-un-tutor-de-empresa-2-300x169.png 300w, https:\/\/www.interesocial.es\/wp-content\/uploads\/2025\/03\/\u00bfQue-es-un-tutor-de-empresa-2-1024x576.png 1024w, https:\/\/www.interesocial.es\/wp-content\/uploads\/2025\/03\/\u00bfQue-es-un-tutor-de-empresa-2-768x432.png 768w, https:\/\/www.interesocial.es\/wp-content\/uploads\/2025\/03\/\u00bfQue-es-un-tutor-de-empresa-2.png 1920w\" sizes=\"(max-width: 1536px) 100vw, 1536px\" \/>\t\t\t\t\t\t\t\t\t\t\t\t\t\t\t<\/div>\n\t\t\t\t<\/div>\n\t\t\t\t<div class=\"elementor-element elementor-element-677814f elementor-widget elementor-widget-image\" data-id=\"677814f\" data-element_type=\"widget\" data-e-type=\"widget\" data-widget_type=\"image.default\">\n\t\t\t\t<div class=\"elementor-widget-container\">\n\t\t\t\t\t\t\t\t\t\t\t\t\t\t\t<img loading=\"lazy\" decoding=\"async\" width=\"1536\" height=\"864\" src=\"https:\/\/www.interesocial.es\/wp-content\/uploads\/2025\/03\/\u00bfQue-es-un-tutor-de-empresa-3-1536x864.png\" class=\"attachment-1536x1536 size-1536x1536 wp-image-1767\" alt=\"\" srcset=\"https:\/\/www.interesocial.es\/wp-content\/uploads\/2025\/03\/\u00bfQue-es-un-tutor-de-empresa-3-1536x864.png 1536w, https:\/\/www.interesocial.es\/wp-content\/uploads\/2025\/03\/\u00bfQue-es-un-tutor-de-empresa-3-300x169.png 300w, https:\/\/www.interesocial.es\/wp-content\/uploads\/2025\/03\/\u00bfQue-es-un-tutor-de-empresa-3-1024x576.png 1024w, https:\/\/www.interesocial.es\/wp-content\/uploads\/2025\/03\/\u00bfQue-es-un-tutor-de-empresa-3-768x432.png 768w, https:\/\/www.interesocial.es\/wp-content\/uploads\/2025\/03\/\u00bfQue-es-un-tutor-de-empresa-3.png 1920w\" sizes=\"(max-width: 1536px) 100vw, 1536px\" \/>\t\t\t\t\t\t\t\t\t\t\t\t\t\t\t<\/div>\n\t\t\t\t<\/div>\n\t\t\t\t<div class=\"elementor-element elementor-element-398862c elementor-widget elementor-widget-image\" data-id=\"398862c\" data-element_type=\"widget\" data-e-type=\"widget\" data-widget_type=\"image.default\">\n\t\t\t\t<div class=\"elementor-widget-container\">\n\t\t\t\t\t\t\t\t\t\t\t\t\t\t\t<img loading=\"lazy\" decoding=\"async\" width=\"1536\" height=\"864\" src=\"https:\/\/www.interesocial.es\/wp-content\/uploads\/2025\/03\/\u00bfQue-es-un-tutor-de-empresa-4-1536x864.png\" class=\"attachment-1536x1536 size-1536x1536 wp-image-1768\" alt=\"\" srcset=\"https:\/\/www.interesocial.es\/wp-content\/uploads\/2025\/03\/\u00bfQue-es-un-tutor-de-empresa-4-1536x864.png 1536w, https:\/\/www.interesocial.es\/wp-content\/uploads\/2025\/03\/\u00bfQue-es-un-tutor-de-empresa-4-300x169.png 300w, https:\/\/www.interesocial.es\/wp-content\/uploads\/2025\/03\/\u00bfQue-es-un-tutor-de-empresa-4-1024x576.png 1024w, https:\/\/www.interesocial.es\/wp-content\/uploads\/2025\/03\/\u00bfQue-es-un-tutor-de-empresa-4-768x432.png 768w, https:\/\/www.interesocial.es\/wp-content\/uploads\/2025\/03\/\u00bfQue-es-un-tutor-de-empresa-4.png 1920w\" sizes=\"(max-width: 1536px) 100vw, 1536px\" \/>\t\t\t\t\t\t\t\t\t\t\t\t\t\t\t<\/div>\n\t\t\t\t<\/div>\n\t\t\t\t<\/div>\n\t\t<div class=\"elementor-element elementor-element-1ac013c e-con-full e-flex e-con e-child\" data-id=\"1ac013c\" data-element_type=\"container\" data-e-type=\"container\">\n\t\t\t\t<div class=\"elementor-element elementor-element-6700702 elementor-widget elementor-widget-spacer\" data-id=\"6700702\" data-element_type=\"widget\" data-e-type=\"widget\" data-widget_type=\"spacer.default\">\n\t\t\t\t<div class=\"elementor-widget-container\">\n\t\t\t\t\t\t\t<div class=\"elementor-spacer\">\n\t\t\t<div class=\"elementor-spacer-inner\"><\/div>\n\t\t<\/div>\n\t\t\t\t\t\t<\/div>\n\t\t\t\t<\/div>\n\t\t\t\t<\/div>\n\t\t\t\t\t<\/div>\n\t\t\t\t<\/div>\n\t\t<div class=\"elementor-element elementor-element-374453c e-flex e-con-boxed e-con e-parent\" data-id=\"374453c\" data-element_type=\"container\" data-e-type=\"container\">\n\t\t\t\t\t<div class=\"e-con-inner\">\n\t\t<div class=\"elementor-element elementor-element-c48e088 e-con-full e-flex e-con e-child\" data-id=\"c48e088\" data-element_type=\"container\" data-e-type=\"container\">\n\t\t\t\t<div class=\"elementor-element elementor-element-01b2d7e elementor-widget elementor-widget-spacer\" data-id=\"01b2d7e\" data-element_type=\"widget\" data-e-type=\"widget\" data-widget_type=\"spacer.default\">\n\t\t\t\t<div class=\"elementor-widget-container\">\n\t\t\t\t\t\t\t<div class=\"elementor-spacer\">\n\t\t\t<div class=\"elementor-spacer-inner\"><\/div>\n\t\t<\/div>\n\t\t\t\t\t\t<\/div>\n\t\t\t\t<\/div>\n\t\t\t\t<\/div>\n\t\t<div class=\"elementor-element elementor-element-ed67de5 e-con-full e-flex e-con e-child\" data-id=\"ed67de5\" data-element_type=\"container\" data-e-type=\"container\">\n\t\t\t\t<div class=\"elementor-element elementor-element-24bfeb9 elementor-widget elementor-widget-wpforms\" data-id=\"24bfeb9\" data-element_type=\"widget\" data-e-type=\"widget\" data-widget_type=\"wpforms.default\">\n\t\t\t\t<div class=\"elementor-widget-container\">\n\t\t\t\t\t<div class=\"wpforms-container wpforms-container-full wpforms-render-modern\" id=\"wpforms-1748\"><form id=\"wpforms-form-1748\" class=\"wpforms-validate wpforms-form wpforms-ajax-form\" data-formid=\"1748\" method=\"post\" enctype=\"multipart\/form-data\" action=\"\/ca\/wp-json\/wp\/v2\/pages\/1762\" data-token=\"94b625ab67ba512fab47e5b9da262fbe\" data-token-time=\"1777404842\" data-trp-original-action=\"\/ca\/wp-json\/wp\/v2\/pages\/1762\"><noscript class=\"wpforms-error-noscript\">Activeu el JavaScript al navegador per a poder completar el formulari.<\/noscript><div id=\"wpforms-error-noscript\" style=\"display: none;\">Activeu el JavaScript al navegador per a poder completar el formulari.<\/div><div class=\"wpforms-field-container\">\t\t<div id=\"wpforms-1748-field_1-container\"\n\t\t\tclass=\"wpforms-field wpforms-field-text\"\n\t\t\tdata-field-type=\"text\"\n\t\t\tdata-field-id=\"1\"\n\t\t\t>\n\t\t\t<label class=\"wpforms-field-label\" for=\"wpforms-1748-field_1\" >Comentarios Correo electr\u00f3nico<\/label>\n\t\t\t<input type=\"text\" id=\"wpforms-1748-field_1\" class=\"wpforms-field-medium\" name=\"wpforms[fields][1]\" >\n\t\t<\/div>\n\t\t<div id=\"wpforms-1748-field_4-container\" class=\"wpforms-field wpforms-field-email\" data-field-id=\"4\"><fieldset><legend class=\"wpforms-field-label\">Correu electr\u00f2nic <span class=\"wpforms-required-label\" aria-hidden=\"true\">*<\/span><\/legend><div class=\"wpforms-field-row wpforms-field-medium\"><div class=\"wpforms-field-row-block wpforms-one-half wpforms-first\"><input type=\"email\" id=\"wpforms-1748-field_4\" class=\"wpforms-field-required wpforms-field-email-primary\" name=\"wpforms[fields][4][primary]\" spellcheck=\"false\" aria-errormessage=\"wpforms-1748-field_4-error\" required><label for=\"wpforms-1748-field_4\" class=\"wpforms-field-sublabel after\">Correu electr\u00f2nic<\/label><\/div><div class=\"wpforms-field-row-block wpforms-one-half\"><input type=\"email\" id=\"wpforms-1748-field_4-secondary\" class=\"wpforms-field-email-secondary wpforms-field-required\" data-rule-confirm=\"#wpforms-1748-field_4\" name=\"wpforms[fields][4][secondary]\" spellcheck=\"false\" aria-errormessage=\"wpforms-1748-field_4-secondary-error\" required><label for=\"wpforms-1748-field_4-secondary\" class=\"wpforms-field-sublabel after\">Confirmeu el correu electr\u00f2nic<\/label><\/div><\/div><\/fieldset><\/div><div id=\"wpforms-1748-field_3-container\" class=\"wpforms-field wpforms-field-textarea\" data-field-id=\"3\"><label class=\"wpforms-field-label\" for=\"wpforms-1748-field_3\">Comentaris<\/label><textarea id=\"wpforms-1748-field_3\" class=\"wpforms-field-medium\" name=\"wpforms[fields][3]\" aria-errormessage=\"wpforms-1748-field_3-error\" ><\/textarea><\/div><script>\n\t\t\t\t( function() {\n\t\t\t\t\tconst style = document.createElement( 'style' );\n\t\t\t\t\tstyle.appendChild( document.createTextNode( '#wpforms-1748-field_1-container { position: absolute !important; overflow: hidden !important; display: inline !important; height: 1px !important; width: 1px !important; z-index: -1000 !important; padding: 0 !important; } #wpforms-1748-field_1-container input { visibility: hidden; } #wpforms-conversational-form-page #wpforms-1748-field_1-container label { counter-increment: none; }' ) );\n\t\t\t\t\tdocument.head.appendChild( style );\n\t\t\t\t\tdocument.currentScript?.remove();\n\t\t\t\t} )();\n\t\t\t<\/script><\/div><!-- .wpforms-field-container --><div class=\"wpforms-submit-container\" ><input type=\"hidden\" name=\"wpforms[id]\" value=\"1748\"><input type=\"hidden\" name=\"page_title\" value=\"\"><input type=\"hidden\" name=\"page_url\" value=\"https:\/\/www.interesocial.es\/ca\/wp-json\/wp\/v2\/pages\/1762\"><input type=\"hidden\" name=\"url_referer\" value=\"\"><button type=\"submit\" name=\"wpforms[submit]\" id=\"wpforms-submit-1748\" class=\"wpforms-submit\" data-alt-text=\"Enviando...\" data-submit-text=\"Enviar\" aria-live=\"assertive\" value=\"wpforms-submit\">Enviar<\/button><img loading=\"lazy\" decoding=\"async\" src=\"https:\/\/www.interesocial.es\/wp-content\/plugins\/wpforms-lite\/assets\/images\/submit-spin.svg\" class=\"wpforms-submit-spinner\" style=\"display: none;\" width=\"26\" height=\"26\" alt=\"S&#039;est\u00e0 carregant\"><\/div><input type=\"hidden\" name=\"trp-form-language\" value=\"ca\"\/><\/form><\/div>  <!-- .wpforms-container -->\t\t\t\t<\/div>\n\t\t\t\t<\/div>\n\t\t\t\t<\/div>\n\t\t<div class=\"elementor-element elementor-element-a43612d e-con-full e-flex e-con e-child\" data-id=\"a43612d\" data-element_type=\"container\" data-e-type=\"container\">\n\t\t\t\t<div class=\"elementor-element elementor-element-20a9254 elementor-widget elementor-widget-spacer\" data-id=\"20a9254\" data-element_type=\"widget\" data-e-type=\"widget\" data-widget_type=\"spacer.default\">\n\t\t\t\t<div class=\"elementor-widget-container\">\n\t\t\t\t\t\t\t<div class=\"elementor-spacer\">\n\t\t\t<div class=\"elementor-spacer-inner\"><\/div>\n\t\t<\/div>\n\t\t\t\t\t\t<\/div>\n\t\t\t\t<\/div>\n\t\t\t\t<\/div>\n\t\t\t\t\t<\/div>\n\t\t\t\t<\/div>\n\t\t<div class=\"elementor-element elementor-element-51e1be0 e-flex e-con-boxed e-con e-parent\" data-id=\"51e1be0\" data-element_type=\"container\" data-e-type=\"container\">\n\t\t\t\t\t<div class=\"e-con-inner\">\n\t\t\t\t<div class=\"elementor-element elementor-element-2ef0801 elementor-widget elementor-widget-spacer\" data-id=\"2ef0801\" data-element_type=\"widget\" data-e-type=\"widget\" data-widget_type=\"spacer.default\">\n\t\t\t\t<div class=\"elementor-widget-container\">\n\t\t\t\t\t\t\t<div class=\"elementor-spacer\">\n\t\t\t<div class=\"elementor-spacer-inner\"><\/div>\n\t\t<\/div>\n\t\t\t\t\t\t<\/div>\n\t\t\t\t<\/div>\n\t\t\t\t\t<\/div>\n\t\t\t\t<\/div>\n\t\t\t\t<section class=\"elementor-section elementor-top-section elementor-element elementor-element-479a11a elementor-section-boxed elementor-section-height-default elementor-section-height-default\" data-id=\"479a11a\" data-element_type=\"section\" data-e-type=\"section\" data-settings=\"{&quot;background_background&quot;:&quot;classic&quot;}\">\n\t\t\t\t\t\t\t<div class=\"elementor-background-overlay\"><\/div>\n\t\t\t\t\t\t\t<div class=\"elementor-container elementor-column-gap-default\">\n\t\t\t\t\t<div class=\"elementor-column elementor-col-100 elementor-top-column elementor-element elementor-element-f26bf81 elementor-invisible\" data-id=\"f26bf81\" data-element_type=\"column\" data-e-type=\"column\" data-settings=\"{&quot;animation&quot;:&quot;fadeIn&quot;}\">\n\t\t\t<div class=\"elementor-widget-wrap elementor-element-populated\">\n\t\t\t\t\t\t<div class=\"elementor-element elementor-element-621fdfa elementor-invisible elementor-widget elementor-widget-heading\" data-id=\"621fdfa\" data-element_type=\"widget\" data-e-type=\"widget\" data-settings=\"{&quot;_animation&quot;:&quot;fadeIn&quot;}\" data-widget_type=\"heading.default\">\n\t\t\t\t<div class=\"elementor-widget-container\">\n\t\t\t\t\t<h1 class=\"elementor-heading-title elementor-size-default\">INTER\u00e8SOCIAL<\/h1>\t\t\t\t<\/div>\n\t\t\t\t<\/div>\n\t\t\t\t<div class=\"elementor-element elementor-element-ec8120f elementor-widget elementor-widget-heading\" data-id=\"ec8120f\" data-element_type=\"widget\" data-e-type=\"widget\" data-widget_type=\"heading.default\">\n\t\t\t\t<div class=\"elementor-widget-container\">\n\t\t\t\t\t<h6 class=\"elementor-heading-title elementor-size-default\">Al teu servei<\/h6>\t\t\t\t<\/div>\n\t\t\t\t<\/div>\n\t\t\t\t<div class=\"elementor-element elementor-element-0545f71 elementor-invisible elementor-widget elementor-widget-text-editor\" data-id=\"0545f71\" data-element_type=\"widget\" data-e-type=\"widget\" data-settings=\"{&quot;_animation&quot;:&quot;fadeIn&quot;,&quot;_animation_delay&quot;:100}\" data-widget_type=\"text-editor.default\">\n\t\t\t\t<div class=\"elementor-widget-container\">\n\t\t\t\t\t\t\t\t\t<p><span style=\"font-weight: 400;\">Forma als Professionals del Dem\u00e0 amb el Contracte de Formaci\u00f3 en Alternan\u00e7a<\/span><\/p>\t\t\t\t\t\t\t\t<\/div>\n\t\t\t\t<\/div>\n\t\t\t\t\t<\/div>\n\t\t<\/div>\n\t\t\t\t<div class=\"elementor-column elementor-col-100 elementor-top-column elementor-element elementor-element-9a071ee elementor-invisible\" data-id=\"9a071ee\" data-element_type=\"column\" data-e-type=\"column\" data-settings=\"{&quot;animation&quot;:&quot;fadeIn&quot;,&quot;animation_delay&quot;:150}\">\n\t\t\t<div class=\"elementor-widget-wrap elementor-element-populated\">\n\t\t\t\t\t\t<div class=\"elementor-element elementor-element-d93bea8 elementor-align-right elementor-widget__width-initial elementor-tablet-align-center elementor-widget-tablet__width-initial elementor-widget-mobile__width-initial elementor-invisible elementor-widget elementor-widget-button\" data-id=\"d93bea8\" data-element_type=\"widget\" data-e-type=\"widget\" data-settings=\"{&quot;_animation&quot;:&quot;fadeInRight&quot;,&quot;_animation_delay&quot;:200}\" data-widget_type=\"button.default\">\n\t\t\t\t<div class=\"elementor-widget-container\">\n\t\t\t\t\t\t\t\t\t<div class=\"elementor-button-wrapper\">\n\t\t\t\t\t<a class=\"elementor-button elementor-button-link elementor-size-sm\" href=\"https:\/\/www.interesocial.es\/ca\/formulario-contacto\/\">\n\t\t\t\t\t\t<span class=\"elementor-button-content-wrapper\">\n\t\t\t\t\t\t\t\t\t<span class=\"elementor-button-text\">saber m\u00e9s<\/span>\n\t\t\t\t\t<\/span>\n\t\t\t\t\t<\/a>\n\t\t\t\t<\/div>\n\t\t\t\t\t\t\t\t<\/div>\n\t\t\t\t<\/div>\n\t\t\t\t\t<\/div>\n\t\t<\/div>\n\t\t\t\t\t<\/div>\n\t\t<\/section>\n\t\t\t\t<\/div>","protected":false},"excerpt":{"rendered":"<p>Por favor, activa JavaScript en tu navegador para completar este formulario.Por favor, activa JavaScript en tu navegador para completar este formulario.Correo electr\u00f3nico *Comentarios Enviar INTER\u00e8SOCIAL A tu servicio Forma a los Profesionales del Ma\u00f1ana con el Contrato de Formaci\u00f3n en Alternancia saber m\u00e1s<\/p>","protected":false},"author":1,"featured_media":0,"parent":0,"menu_order":0,"comment_status":"closed","ping_status":"closed","template":"","meta":{"_eb_attr":"","om_disable_all_campaigns":false,"_monsterinsights_skip_tracking":false,"_monsterinsights_sitenote_active":false,"_monsterinsights_sitenote_note":"","_monsterinsights_sitenote_category":0,"_uf_show_specific_survey":0,"_uf_disable_surveys":false,"footnotes":""},"class_list":["post-1762","page","type-page","status-publish","hentry"],"aioseo_notices":[],"_links":{"self":[{"href":"https:\/\/www.interesocial.es\/ca\/wp-json\/wp\/v2\/pages\/1762","targetHints":{"allow":["GET"]}}],"collection":[{"href":"https:\/\/www.interesocial.es\/ca\/wp-json\/wp\/v2\/pages"}],"about":[{"href":"https:\/\/www.interesocial.es\/ca\/wp-json\/wp\/v2\/types\/page"}],"author":[{"embeddable":true,"href":"https:\/\/www.interesocial.es\/ca\/wp-json\/wp\/v2\/users\/1"}],"replies":[{"embeddable":true,"href":"https:\/\/www.interesocial.es\/ca\/wp-json\/wp\/v2\/comments?post=1762"}],"version-history":[{"count":8,"href":"https:\/\/www.interesocial.es\/ca\/wp-json\/wp\/v2\/pages\/1762\/revisions"}],"predecessor-version":[{"id":1823,"href":"https:\/\/www.interesocial.es\/ca\/wp-json\/wp\/v2\/pages\/1762\/revisions\/1823"}],"wp:attachment":[{"href":"https:\/\/www.interesocial.es\/ca\/wp-json\/wp\/v2\/media?parent=1762"}],"curies":[{"name":"wp","href":"https:\/\/api.w.org\/{rel}","templated":true}]}}